{"id":1468,"date":"2020-03-24T23:17:11","date_gmt":"2020-03-24T22:17:11","guid":{"rendered":"https:\/\/reclaimfinance.org\/site\/?page_id=1468"},"modified":"2022-09-27T10:31:05","modified_gmt":"2022-09-27T08:31:05","slug":"nos-combats","status":"publish","type":"page","link":"https:\/\/reclaimfinance.org\/site\/nos-combats\/","title":{"rendered":"Nos combats"},"content":{"rendered":"<p><div class=\"fusion-fullwidth fullwidth-box fusion-builder-row-1 fusion-parallax-none hundred-percent-fullwidth non-hundred-percent-height-scrolling fusion-equal-height-columns\" style=\"--awb-border-sizes-top:0px;--awb-border-sizes-bottom:0px;--awb-border-sizes-left:0px;--awb-border-sizes-right:0px;--awb-border-radius-top-left:0px;--awb-border-radius-top-right:0px;--awb-border-radius-bottom-right:0px;--awb-border-radius-bottom-left:0px;--awb-padding-top:0px;--awb-padding-bottom:0px;--awb-margin-top:0px;--awb-background-image:url(&quot;https:\/\/reclaimfinance.org\/site\/wp-content\/uploads\/2020\/03\/combats.jpg&quot;);--awb-background-size:cover;--awb-flex-wrap:wrap;\" ><div class=\"fusion-builder-row fusion-row\"><div class=\"fusion-layout-column fusion_builder_column fusion-builder-column-0 fusion_builder_column_1_1 1_1 fusion-one-full fusion-column-first fusion-column-last fusion-column-no-min-height\" style=\"--awb-bg-size:cover;\"><div class=\"fusion-column-wrapper fusion-column-has-shadow fusion-flex-column-wrapper-legacy\"><div class=\"fusion-sep-clear\"><\/div><div class=\"fusion-separator fusion-full-width-sep\" style=\"margin-left: auto;margin-right: auto;margin-top:60px;margin-bottom:60px;width:100%;\"><\/div><div class=\"fusion-sep-clear\"><\/div><div class=\"fusion-clearfix\"><\/div><\/div><\/div><div class=\"fusion-layout-column fusion_builder_column fusion-builder-column-1 fusion_builder_column_1_1 1_1 fusion-one-full fusion-column-first fusion-column-last fusion-column-no-min-height\" style=\"--awb-bg-size:cover;\"><div class=\"fusion-column-wrapper fusion-column-has-shadow fusion-flex-column-wrapper-legacy\"><div class=\"fusion-title title fusion-title-1 fusion-title-center fusion-title-text fusion-title-size-one\" style=\"--awb-text-color:#ffffff;--awb-margin-bottom:50px;\"><div class=\"title-sep-container title-sep-container-left\"><div class=\"title-sep sep- sep-solid\" style=\"border-color:#3e3e3e;\"><\/div><\/div><span class=\"awb-title-spacer\"><\/span><h1 class=\"fusion-title-heading title-heading-center fusion-responsive-typography-calculated\" style=\"margin:0;letter-spacing:15px;--fontSize:30;line-height:1.4;\">NOS COMBATS<\/h1><span class=\"awb-title-spacer\"><\/span><div class=\"title-sep-container title-sep-container-right\"><div class=\"title-sep sep- sep-solid\" style=\"border-color:#3e3e3e;\"><\/div><\/div><\/div><div class=\"fusion-sep-clear\"><\/div><div class=\"fusion-separator fusion-full-width-sep\" style=\"margin-left: auto;margin-right: auto;margin-top:20px;margin-bottom:20px;width:100%;\"><\/div><div class=\"fusion-sep-clear\"><\/div><div class=\"fusion-clearfix\"><\/div><\/div><\/div><div class=\"fusion-layout-column fusion_builder_column fusion-builder-column-2 fusion_builder_column_1_1 1_1 fusion-one-full fusion-column-first fusion-column-last fusion-column-no-min-height\" style=\"--awb-bg-size:cover;\"><div class=\"fusion-column-wrapper fusion-column-has-shadow fusion-flex-column-wrapper-legacy\"><div class=\"fusion-sep-clear\"><\/div><div class=\"fusion-separator fusion-full-width-sep\" style=\"margin-left: auto;margin-right: auto;margin-top:30px;margin-bottom:30px;width:100%;\"><\/div><div class=\"fusion-sep-clear\"><\/div><div class=\"fusion-clearfix\"><\/div><\/div><\/div><\/div><\/div><div class=\"fusion-fullwidth fullwidth-box fusion-builder-row-2 nonhundred-percent-fullwidth non-hundred-percent-height-scrolling fusion-equal-height-columns\" style=\"--awb-border-radius-top-left:0px;--awb-border-radius-top-right:0px;--awb-border-radius-bottom-right:0px;--awb-border-radius-bottom-left:0px;--awb-padding-bottom:0px;--awb-margin-bottom:0px;--awb-flex-wrap:wrap;\" ><div class=\"fusion-builder-row fusion-row\"><div class=\"fusion-layout-column fusion_builder_column fusion-builder-column-3 fusion_builder_column_1_1 1_1 fusion-one-full fusion-column-first fusion-column-last fusion-column-no-min-height\" style=\"--awb-bg-size:cover;\"><div class=\"fusion-column-wrapper fusion-column-has-shadow fusion-flex-column-wrapper-legacy\"><div class=\"fusion-sep-clear\"><\/div><div class=\"fusion-separator fusion-full-width-sep\" style=\"margin-left: auto;margin-right: auto;margin-bottom:50px;width:100%;\"><\/div><div class=\"fusion-sep-clear\"><\/div><div class=\"fusion-text fusion-text-1\"><h3 style=\"text-align: center; color: #59bc6d;\"><\/h3>\n<h3 style=\"text-align: center; color: #59bc6d;\">Nos principaux axes de travail poursuivent actuellement trois objectifs primordiaux pour \u00e9viter le chaos climatique :<\/h3>\n<\/div><div class=\"fusion-sep-clear\"><\/div><div class=\"fusion-separator fusion-full-width-sep\" style=\"margin-left: auto;margin-right: auto;margin-top:30px;width:100%;\"><div class=\"fusion-separator-border sep-shadow\" style=\"--awb-height:20px;--awb-amount:20px;background:radial-gradient(ellipse at 50% -50% , #c1c1c1 0px, rgba(255, 255, 255, 0) 80%) repeat scroll 0 0 rgba(0, 0, 0, 0);background:-webkit-radial-gradient(ellipse at 50% -50% , #c1c1c1 0px, rgba(255, 255, 255, 0) 80%) repeat scroll 0 0 rgba(0, 0, 0, 0);background:-moz-radial-gradient(ellipse at 50% -50% , #c1c1c1 0px, rgba(255, 255, 255, 0) 80%) repeat scroll 0 0 rgba(0, 0, 0, 0);background:-o-radial-gradient(ellipse at 50% -50% , #c1c1c1 0px, rgba(255, 255, 255, 0) 80%) repeat scroll 0 0 rgba(0, 0, 0, 0);\"><\/div><\/div><div class=\"fusion-sep-clear\"><\/div><div class=\"fusion-clearfix\"><\/div><\/div><\/div><div class=\"fusion-layout-column fusion_builder_column fusion-builder-column-4 fusion_builder_column_1_3 1_3 fusion-one-third fusion-column-first fusion-column-inner-bg-wrapper fusion-animated\" style=\"--awb-padding-top:20px;--awb-padding-right:20px;--awb-padding-bottom:20px;--awb-padding-left:20px;--awb-overflow:hidden;--awb-inner-bg-color:#ffffff;--awb-inner-bg-color-hover:#ffffff;--awb-inner-bg-size:cover;--awb-box-shadow:5px 5px 20px 0px rgba(0,0,0,0.3);;--awb-border-color:#dee1e4;--awb-border-top:1px;--awb-border-right:1px;--awb-border-bottom:1px;--awb-border-left:1px;--awb-border-style:solid;--awb-border-radius:8px 8px 8px 8px;--awb-inner-bg-border-radius:8px 8px 8px 8px;--awb-inner-bg-overflow:hidden;width:33.333333333333%;width:calc(33.333333333333% - ( ( 2% + 2% ) * 0.33333333333333 ) );margin-right: 2%;\" data-animationType=\"fadeInLeft\" data-animationDuration=\"1.0\" data-animationOffset=\"top-into-view\"><span class=\"fusion-column-inner-bg hover-type-none\"><a class=\"fusion-column-anchor\" href=\"https:\/\/reclaimfinance.org\/site\/nos-combats\/stopper-expansion-energies-fossiles\/\"><span class=\"fusion-column-inner-bg-image\"><\/span><\/a><\/span><div class=\"fusion-column-wrapper fusion-column-has-shadow fusion-flex-column-wrapper-legacy\"><div class=\"fusion-title title fusion-title-2 fusion-title-center fusion-title-text fusion-title-size-two\" style=\"--awb-text-color:#59bc6d;--awb-margin-bottom:20px;--awb-margin-bottom-small:5px;--awb-font-size:28px;\"><div class=\"title-sep-container title-sep-container-left\"><div class=\"title-sep sep- sep-solid\" style=\"border-color:#3e3e3e;\"><\/div><\/div><span class=\"awb-title-spacer\"><\/span><h2 class=\"fusion-title-heading title-heading-center fusion-responsive-typography-calculated\" style=\"margin:0;font-size:1em;--fontSize:28;line-height:1.5;\"><div style=\"line-height: 30pt;\"><span style=\"font-family: var(--h2_typography-font-family); font-size: 1em; font-style: var(--h2_typography-font-style,normal); font-weight: var(--h2_typography-font-weight); letter-spacing: var(--h2_typography-letter-spacing);\">Stopper l&rsquo;expansion des \u00e9nergies fossiles<\/span><\/div><\/h2><span class=\"awb-title-spacer\"><\/span><div class=\"title-sep-container title-sep-container-right\"><div class=\"title-sep sep- sep-solid\" style=\"border-color:#3e3e3e;\"><\/div><\/div><\/div><div class=\"fusion-text fusion-text-2\"><p style=\"text-align: justify; color: #333647;\"><span style=\"font-family: var(--body_typography-font-family); font-size: var(--body_typography-font-size); font-style: var(--body_typography-font-style,normal); font-weight: var(--body_typography-font-weight); letter-spacing: var(--body_typography-letter-spacing);\">L&rsquo;industrie gazi\u00e8re et p\u00e9troli\u00e8re pr\u00e9voit toujours d&rsquo;augmenter la production d\u2019hydrocarbures, en totale contradiction compl\u00e8te avec l&rsquo;urgence climatique.<\/span><\/p>\n<p style=\"text-align: justify; color: #333647;\"><b><br \/>\nReclaim Finance se bat pour que les acteurs financiers arr\u00eatent de se porter complice de la trag\u00e9die qui se dessine sous nos yeux.<\/b><\/p>\n<\/div><div class=\"fusion-clearfix\"><\/div><\/div><\/div><div class=\"fusion-layout-column fusion_builder_column fusion-builder-column-5 fusion_builder_column_1_3 1_3 fusion-one-third fusion-column-inner-bg-wrapper fusion-animated\" style=\"--awb-padding-top:20px;--awb-padding-right:20px;--awb-padding-bottom:20px;--awb-padding-left:20px;--awb-overflow:hidden;--awb-inner-bg-color:#ffffff;--awb-inner-bg-color-hover:#ffffff;--awb-inner-bg-size:cover;--awb-box-shadow:5px 5px 20px 0px rgba(0,0,0,0.3);;--awb-border-color:#dee1e4;--awb-border-top:1px;--awb-border-right:1px;--awb-border-bottom:1px;--awb-border-left:1px;--awb-border-style:solid;--awb-border-radius:8px 8px 8px 8px;--awb-inner-bg-border-radius:8px 8px 8px 8px;--awb-inner-bg-overflow:hidden;width:33.333333333333%;width:calc(33.333333333333% - ( ( 2% + 2% ) * 0.33333333333333 ) );margin-right: 2%;\" data-animationType=\"fadeInLeft\" data-animationDuration=\"1.0\" data-animationOffset=\"top-into-view\"><span class=\"fusion-column-inner-bg hover-type-none\"><a class=\"fusion-column-anchor\" href=\"https:\/\/reclaimfinance.org\/site\/nos-combats\/finir-charbon\/\"><span class=\"fusion-column-inner-bg-image\"><\/span><\/a><\/span><div class=\"fusion-column-wrapper fusion-column-has-shadow fusion-flex-column-wrapper-legacy\"><div class=\"fusion-title title fusion-title-3 fusion-title-center fusion-title-text fusion-title-size-two\" style=\"--awb-text-color:#59bc6d;--awb-margin-bottom:20px;--awb-margin-bottom-small:5px;--awb-font-size:28px;\"><div class=\"title-sep-container title-sep-container-left\"><div class=\"title-sep sep- sep-solid\" style=\"border-color:#3e3e3e;\"><\/div><\/div><span class=\"awb-title-spacer\"><\/span><h2 class=\"fusion-title-heading title-heading-center fusion-responsive-typography-calculated\" style=\"margin:0;font-size:1em;--fontSize:28;line-height:1.5;\">En finir avec le charbon<\/h2><span class=\"awb-title-spacer\"><\/span><div class=\"title-sep-container title-sep-container-right\"><div class=\"title-sep sep- sep-solid\" style=\"border-color:#3e3e3e;\"><\/div><\/div><\/div><div class=\"fusion-text fusion-text-3\"><p style=\"text-align: justify; color: #333647;\"><span style=\"font-family: var(--body_typography-font-family); font-size: var(--body_typography-font-size); font-style: var(--body_typography-font-style,normal); font-weight: var(--body_typography-font-weight); letter-spacing: var(--body_typography-letter-spacing);\">Le charbon demeure un fl\u00e9au sanitaire et climatique et nous n&rsquo;avons que quelques ann\u00e9es pour fermer des milliers de mines et centrales li\u00e9es au charbon.<\/span><\/p>\n<p style=\"text-align: justify; color: #333647;\"><b style=\"font-family: var(--body_typography-font-family); font-size: var(--body_typography-font-size); font-style: var(--body_typography-font-style,normal); letter-spacing: var(--body_typography-letter-spacing);\"><br \/>\nReclaim Finance se bat pour que les acteurs financiers adoptent des politiques de sortie du charbon \u00e0-m\u00eame de relever ce d\u00e9fi.<\/b><\/p>\n<\/div><div class=\"fusion-clearfix\"><\/div><\/div><\/div><div class=\"fusion-layout-column fusion_builder_column fusion-builder-column-6 fusion_builder_column_1_3 1_3 fusion-one-third fusion-column-last fusion-column-inner-bg-wrapper fusion-animated\" style=\"--awb-padding-top:20px;--awb-padding-right:20px;--awb-padding-bottom:20px;--awb-padding-left:20px;--awb-overflow:hidden;--awb-inner-bg-color:#ffffff;--awb-inner-bg-color-hover:#ffffff;--awb-inner-bg-size:cover;--awb-box-shadow:5px 5px 20px 0px rgba(0,0,0,0.3);;--awb-border-color:#dee1e4;--awb-border-top:1px;--awb-border-right:1px;--awb-border-bottom:1px;--awb-border-left:1px;--awb-border-style:solid;--awb-border-radius:8px 8px 8px 8px;--awb-inner-bg-border-radius:8px 8px 8px 8px;--awb-inner-bg-overflow:hidden;width:33.333333333333%;width:calc(33.333333333333% - ( ( 2% + 2% ) * 0.33333333333333 ) );\" data-animationType=\"fadeInLeft\" data-animationDuration=\"1.0\" data-animationOffset=\"top-into-view\"><span class=\"fusion-column-inner-bg hover-type-none\"><a class=\"fusion-column-anchor\" href=\"https:\/\/reclaimfinance.org\/site\/nos-combats\/banques-centrales-monnaie-climat\/\"><span class=\"fusion-column-inner-bg-image\"><\/span><\/a><\/span><div class=\"fusion-column-wrapper fusion-column-has-shadow fusion-flex-column-wrapper-legacy\"><div class=\"fusion-title title fusion-title-4 fusion-title-center fusion-title-text fusion-title-size-two\" style=\"--awb-text-color:#59bc6d;--awb-margin-bottom:5px;--awb-margin-bottom-small:5px;--awb-font-size:28px;\"><div class=\"title-sep-container title-sep-container-left\"><div class=\"title-sep sep- sep-solid\" style=\"border-color:#3e3e3e;\"><\/div><\/div><span class=\"awb-title-spacer\"><\/span><h2 class=\"fusion-title-heading title-heading-center fusion-responsive-typography-calculated\" style=\"margin:0;font-size:1em;--fontSize:28;line-height:1.5;\"><div style=\"line-height: 30pt;\">Mettre la monnaie au service du climat<\/div><\/h2><span class=\"awb-title-spacer\"><\/span><div class=\"title-sep-container title-sep-container-right\"><div class=\"title-sep sep- sep-solid\" style=\"border-color:#3e3e3e;\"><\/div><\/div><\/div><div class=\"fusion-sep-clear\"><\/div><div class=\"fusion-separator fusion-full-width-sep\" style=\"margin-left: auto;margin-right: auto;margin-bottom:15px;width:100%;\"><\/div><div class=\"fusion-sep-clear\"><\/div><div class=\"fusion-text fusion-text-4\"><p style=\"text-align: justify; color: #333647;\"><span style=\"font-family: var(--body_typography-font-family); font-size: var(--body_typography-font-size); font-style: var(--body_typography-font-style,normal); font-weight: var(--body_typography-font-weight); letter-spacing: var(--body_typography-letter-spacing);\">Pilier de notre syst\u00e8me financier, les banques centrales continuent de faire la sourde oreille aux enjeux climatiques. Pire, leurs op\u00e9rations soutiennent les entreprises les plus polluantes.<\/span><\/p>\n<p style=\"text-align: justify; color: #333647;\"><b>Reclaim Finance se bat pour que les banques centrales arr\u00eatent de participer au changement climatique et deviennent des acteurs de la lutte contre celui-ci. <\/b><\/p>\n<\/div><div class=\"fusion-text fusion-text-5\"><p style=\"text-align: center; color: #333647;\">\n<\/div><div class=\"fusion-clearfix\"><\/div><\/div><\/div><div class=\"fusion-layout-column fusion_builder_column fusion-builder-column-7 fusion_builder_column_1_6 1_6 fusion-one-sixth fusion-column-first fusion-column-no-min-height\" style=\"--awb-bg-size:cover;width:16.666666666667%;width:calc(16.666666666667% - ( ( 4% ) * 0.16666666666667 ) );margin-right: 4%;\"><div class=\"fusion-column-wrapper fusion-column-has-shadow fusion-flex-column-wrapper-legacy\"><div class=\"fusion-sep-clear\"><\/div><div class=\"fusion-separator fusion-full-width-sep\" style=\"margin-left: auto;margin-right: auto;width:100%;\"><\/div><div class=\"fusion-sep-clear\"><\/div><div class=\"fusion-clearfix\"><\/div><\/div><\/div><div class=\"fusion-layout-column fusion_builder_column fusion-builder-column-8 fusion_builder_column_1_6 1_6 fusion-one-sixth fusion-column-last fusion-column-no-min-height\" style=\"--awb-bg-size:cover;width:16.666666666667%;width:calc(16.666666666667% - ( ( 4% ) * 0.16666666666667 ) );\"><div class=\"fusion-column-wrapper fusion-column-has-shadow fusion-flex-column-wrapper-legacy\"><div class=\"fusion-sep-clear\"><\/div><div class=\"fusion-separator fusion-full-width-sep\" style=\"margin-left: auto;margin-right: auto;width:100%;\"><\/div><div class=\"fusion-sep-clear\"><\/div><div class=\"fusion-clearfix\"><\/div><\/div><\/div><div class=\"fusion-layout-column fusion_builder_column fusion-builder-column-9 fusion_builder_column_1_1 1_1 fusion-one-full fusion-column-first fusion-column-last fusion-column-no-min-height\" style=\"--awb-bg-size:cover;\"><div class=\"fusion-column-wrapper fusion-column-has-shadow fusion-flex-column-wrapper-legacy\"><div class=\"fusion-sep-clear\"><\/div><div class=\"fusion-separator fusion-full-width-sep\" style=\"margin-left: auto;margin-right: auto;margin-top:20px;margin-bottom:20px;width:100%;\"><\/div><div class=\"fusion-sep-clear\"><\/div><div class=\"fusion-clearfix\"><\/div><\/div><\/div><\/div><\/div><\/p>\n","protected":false},"excerpt":{"rendered":"","protected":false},"author":28,"featured_media":0,"parent":0,"menu_order":0,"comment_status":"closed","ping_status":"open","template":"100-width.php","meta":{"footnotes":""},"programme":[],"class_list":["post-1468","page","type-page","status-publish","hentry"],"yoast_head":"<!-- This site is optimized with the Yoast SEO plugin v23.1 - https:\/\/yoast.com\/wordpress\/plugins\/seo\/ -->\n<title>Nos combats - Reclaim Finance<\/title>\n<meta name=\"description\" content=\"Reclaim finance a 3 objectifs : stopper l&#039;expansion des \u00e9nergies fossiles, sortir du charbon et mettre la monnaie au service du cliamt\" \/>\n<meta name=\"robots\" content=\"index, follow, max-snippet:-1, max-image-preview:large, max-video-preview:-1\" \/>\n<link rel=\"canonical\" href=\"https:\/\/reclaimfinance.org\/site\/nos-combats\/\" \/>\n<meta property=\"og:locale\" content=\"fr_FR\" \/>\n<meta property=\"og:type\" content=\"article\" \/>\n<meta property=\"og:title\" content=\"Nos combats - Reclaim Finance\" \/>\n<meta property=\"og:description\" content=\"Reclaim finance a 3 objectifs : stopper l&#039;expansion des \u00e9nergies fossiles, sortir du charbon et mettre la monnaie au service du cliamt\" \/>\n<meta property=\"og:url\" content=\"https:\/\/reclaimfinance.org\/site\/nos-combats\/\" \/>\n<meta property=\"og:site_name\" content=\"Reclaim Finance\" \/>\n<meta property=\"article:publisher\" content=\"https:\/\/www.facebook.com\/ReclaimFinanceONG\" \/>\n<meta property=\"article:modified_time\" content=\"2022-09-27T08:31:05+00:00\" \/>\n<meta name=\"twitter:card\" content=\"summary_large_image\" \/>\n<meta name=\"twitter:site\" content=\"@ReclaimFinance\" \/>\n<meta name=\"twitter:label1\" content=\"Dur\u00e9e de lecture estim\u00e9e\" \/>\n\t<meta name=\"twitter:data1\" content=\"7 minutes\" \/>\n<script type=\"application\/ld+json\" class=\"yoast-schema-graph\">{\"@context\":\"https:\/\/schema.org\",\"@graph\":[{\"@type\":\"WebPage\",\"@id\":\"https:\/\/reclaimfinance.org\/site\/nos-combats\/\",\"url\":\"https:\/\/reclaimfinance.org\/site\/nos-combats\/\",\"name\":\"Nos combats - Reclaim Finance\",\"isPartOf\":{\"@id\":\"https:\/\/reclaimfinance.org\/site\/#website\"},\"datePublished\":\"2020-03-24T22:17:11+00:00\",\"dateModified\":\"2022-09-27T08:31:05+00:00\",\"description\":\"Reclaim finance a 3 objectifs : stopper l'expansion des \u00e9nergies fossiles, sortir du charbon et mettre la monnaie au service du cliamt\",\"breadcrumb\":{\"@id\":\"https:\/\/reclaimfinance.org\/site\/nos-combats\/#breadcrumb\"},\"inLanguage\":\"fr-FR\",\"potentialAction\":[{\"@type\":\"ReadAction\",\"target\":[\"https:\/\/reclaimfinance.org\/site\/nos-combats\/\"]}]},{\"@type\":\"BreadcrumbList\",\"@id\":\"https:\/\/reclaimfinance.org\/site\/nos-combats\/#breadcrumb\",\"itemListElement\":[{\"@type\":\"ListItem\",\"position\":1,\"name\":\"Accueil\",\"item\":\"https:\/\/reclaimfinance.org\/site\/\"},{\"@type\":\"ListItem\",\"position\":2,\"name\":\"Nos combats\"}]},{\"@type\":\"WebSite\",\"@id\":\"https:\/\/reclaimfinance.org\/site\/#website\",\"url\":\"https:\/\/reclaimfinance.org\/site\/\",\"name\":\"Reclaim Finance\",\"description\":\"Reprendre le contr\u00f4le de la finance pour le climat et la biodiversit\u00e9\",\"publisher\":{\"@id\":\"https:\/\/reclaimfinance.org\/site\/#organization\"},\"potentialAction\":[{\"@type\":\"SearchAction\",\"target\":{\"@type\":\"EntryPoint\",\"urlTemplate\":\"https:\/\/reclaimfinance.org\/site\/?s={search_term_string}\"},\"query-input\":\"required name=search_term_string\"}],\"inLanguage\":\"fr-FR\"},{\"@type\":\"Organization\",\"@id\":\"https:\/\/reclaimfinance.org\/site\/#organization\",\"name\":\"Reclaim Finance\",\"url\":\"https:\/\/reclaimfinance.org\/site\/\",\"logo\":{\"@type\":\"ImageObject\",\"inLanguage\":\"fr-FR\",\"@id\":\"https:\/\/reclaimfinance.org\/site\/#\/schema\/logo\/image\/\",\"url\":\"https:\/\/reclaimfinance.org\/site\/wp-content\/uploads\/2020\/03\/logo_RC_space.png\",\"contentUrl\":\"https:\/\/reclaimfinance.org\/site\/wp-content\/uploads\/2020\/03\/logo_RC_space.png\",\"width\":800,\"height\":800,\"caption\":\"Reclaim Finance\"},\"image\":{\"@id\":\"https:\/\/reclaimfinance.org\/site\/#\/schema\/logo\/image\/\"},\"sameAs\":[\"https:\/\/www.facebook.com\/ReclaimFinanceONG\",\"https:\/\/x.com\/ReclaimFinance\",\"https:\/\/www.instagram.com\/reclaimfinance\/\",\"https:\/\/www.linkedin.com\/company\/reclaim-finance-ong-think-tank\"]}]}<\/script>\n<!-- \/ Yoast SEO plugin. -->","yoast_head_json":{"title":"Nos combats - Reclaim Finance","description":"Reclaim finance a 3 objectifs : stopper l'expansion des \u00e9nergies fossiles, sortir du charbon et mettre la monnaie au service du cliamt","robots":{"index":"index","follow":"follow","max-snippet":"max-snippet:-1","max-image-preview":"max-image-preview:large","max-video-preview":"max-video-preview:-1"},"canonical":"https:\/\/reclaimfinance.org\/site\/nos-combats\/","og_locale":"fr_FR","og_type":"article","og_title":"Nos combats - Reclaim Finance","og_description":"Reclaim finance a 3 objectifs : stopper l'expansion des \u00e9nergies fossiles, sortir du charbon et mettre la monnaie au service du cliamt","og_url":"https:\/\/reclaimfinance.org\/site\/nos-combats\/","og_site_name":"Reclaim Finance","article_publisher":"https:\/\/www.facebook.com\/ReclaimFinanceONG","article_modified_time":"2022-09-27T08:31:05+00:00","twitter_card":"summary_large_image","twitter_site":"@ReclaimFinance","twitter_misc":{"Dur\u00e9e de lecture estim\u00e9e":"7 minutes"},"schema":{"@context":"https:\/\/schema.org","@graph":[{"@type":"WebPage","@id":"https:\/\/reclaimfinance.org\/site\/nos-combats\/","url":"https:\/\/reclaimfinance.org\/site\/nos-combats\/","name":"Nos combats - Reclaim Finance","isPartOf":{"@id":"https:\/\/reclaimfinance.org\/site\/#website"},"datePublished":"2020-03-24T22:17:11+00:00","dateModified":"2022-09-27T08:31:05+00:00","description":"Reclaim finance a 3 objectifs : stopper l'expansion des \u00e9nergies fossiles, sortir du charbon et mettre la monnaie au service du cliamt","breadcrumb":{"@id":"https:\/\/reclaimfinance.org\/site\/nos-combats\/#breadcrumb"},"inLanguage":"fr-FR","potentialAction":[{"@type":"ReadAction","target":["https:\/\/reclaimfinance.org\/site\/nos-combats\/"]}]},{"@type":"BreadcrumbList","@id":"https:\/\/reclaimfinance.org\/site\/nos-combats\/#breadcrumb","itemListElement":[{"@type":"ListItem","position":1,"name":"Accueil","item":"https:\/\/reclaimfinance.org\/site\/"},{"@type":"ListItem","position":2,"name":"Nos combats"}]},{"@type":"WebSite","@id":"https:\/\/reclaimfinance.org\/site\/#website","url":"https:\/\/reclaimfinance.org\/site\/","name":"Reclaim Finance","description":"Reprendre le contr\u00f4le de la finance pour le climat et la biodiversit\u00e9","publisher":{"@id":"https:\/\/reclaimfinance.org\/site\/#organization"},"potentialAction":[{"@type":"SearchAction","target":{"@type":"EntryPoint","urlTemplate":"https:\/\/reclaimfinance.org\/site\/?s={search_term_string}"},"query-input":"required name=search_term_string"}],"inLanguage":"fr-FR"},{"@type":"Organization","@id":"https:\/\/reclaimfinance.org\/site\/#organization","name":"Reclaim Finance","url":"https:\/\/reclaimfinance.org\/site\/","logo":{"@type":"ImageObject","inLanguage":"fr-FR","@id":"https:\/\/reclaimfinance.org\/site\/#\/schema\/logo\/image\/","url":"https:\/\/reclaimfinance.org\/site\/wp-content\/uploads\/2020\/03\/logo_RC_space.png","contentUrl":"https:\/\/reclaimfinance.org\/site\/wp-content\/uploads\/2020\/03\/logo_RC_space.png","width":800,"height":800,"caption":"Reclaim Finance"},"image":{"@id":"https:\/\/reclaimfinance.org\/site\/#\/schema\/logo\/image\/"},"sameAs":["https:\/\/www.facebook.com\/ReclaimFinanceONG","https:\/\/x.com\/ReclaimFinance","https:\/\/www.instagram.com\/reclaimfinance\/","https:\/\/www.linkedin.com\/company\/reclaim-finance-ong-think-tank"]}]}},"_links":{"self":[{"href":"https:\/\/reclaimfinance.org\/site\/wp-json\/wp\/v2\/pages\/1468"}],"collection":[{"href":"https:\/\/reclaimfinance.org\/site\/wp-json\/wp\/v2\/pages"}],"about":[{"href":"https:\/\/reclaimfinance.org\/site\/wp-json\/wp\/v2\/types\/page"}],"author":[{"embeddable":true,"href":"https:\/\/reclaimfinance.org\/site\/wp-json\/wp\/v2\/users\/28"}],"replies":[{"embeddable":true,"href":"https:\/\/reclaimfinance.org\/site\/wp-json\/wp\/v2\/comments?post=1468"}],"version-history":[{"count":0,"href":"https:\/\/reclaimfinance.org\/site\/wp-json\/wp\/v2\/pages\/1468\/revisions"}],"wp:attachment":[{"href":"https:\/\/reclaimfinance.org\/site\/wp-json\/wp\/v2\/media?parent=1468"}],"wp:term":[{"taxonomy":"programme","embeddable":true,"href":"https:\/\/reclaimfinance.org\/site\/wp-json\/wp\/v2\/programme?post=1468"}],"curies":[{"name":"wp","href":"https:\/\/api.w.org\/{rel}","templated":true}]}}