{"id":3,"date":"2020-01-15T17:03:40","date_gmt":"2020-01-15T16:03:40","guid":{"rendered":"http:\/\/reclaimfinance.org\/site\/?page_id=3"},"modified":"2025-07-01T11:59:39","modified_gmt":"2025-07-01T09:59:39","slug":"politique-de-confidentialite","status":"publish","type":"page","link":"https:\/\/reclaimfinance.org\/site\/politique-de-confidentialite\/","title":{"rendered":"Politique de confidentialit\u00e9"},"content":{"rendered":"<div class=\"fusion-fullwidth fullwidth-box fusion-builder-row-1 nonhundred-percent-fullwidth non-hundred-percent-height-scrolling\" style=\"--awb-border-radius-top-left:0px;--awb-border-radius-top-right:0px;--awb-border-radius-bottom-right:0px;--awb-border-radius-bottom-left:0px;--awb-padding-top:100px;--awb-flex-wrap:wrap;\" ><div class=\"fusion-builder-row fusion-row\"><div class=\"fusion-layout-column fusion_builder_column fusion-builder-column-0 fusion_builder_column_1_1 1_1 fusion-one-full fusion-column-first fusion-column-last\" style=\"--awb-bg-size:cover;\"><div class=\"fusion-column-wrapper fusion-column-has-shadow fusion-flex-column-wrapper-legacy\"><div class=\"fusion-title title fusion-title-1 fusion-title-text fusion-title-size-one\" style=\"--awb-margin-bottom:0px;--awb-font-size:34px;\"><h1 class=\"fusion-title-heading title-heading-left fusion-responsive-typography-calculated\" style=\"font-family:&quot;Montserrat&quot;;font-style:normal;font-weight:800;margin:0;font-size:1em;--fontSize:34;line-height:1.4;\">Politique de confidentalit\u00e9<\/h1><span class=\"awb-title-spacer\"><\/span><div class=\"title-sep-container\"><div class=\"title-sep sep- sep-solid\" style=\"border-color:#3e3e3e;\"><\/div><\/div><\/div><div class=\"fusion-sep-clear\"><\/div><div class=\"fusion-separator fusion-clearfix\" style=\"float:left;width:100%;max-width:100px;\"><div class=\"fusion-separator-border sep-single sep-solid\" style=\"--awb-height:20px;--awb-amount:20px;--awb-sep-color:var(--awb-color4);border-color:var(--awb-color4);border-top-width:10px;\"><\/div><\/div><div class=\"fusion-sep-clear\"><\/div><div class=\"fusion-clearfix\"><\/div><\/div><\/div><div class=\"fusion-layout-column fusion_builder_column fusion-builder-column-1 fusion_builder_column_1_1 1_1 fusion-one-full fusion-column-first fusion-column-last\" style=\"--awb-bg-blend:overlay;--awb-bg-size:cover;--awb-margin-bottom:0px;\"><div class=\"fusion-column-wrapper fusion-flex-column-wrapper-legacy\"><div class=\"fusion-text fusion-text-1\" style=\"--awb-text-font-family:&quot;Montserrat&quot;;--awb-text-font-style:normal;--awb-text-font-weight:400;\"><\/p>\n<h2 class=\"wp-block-heading\" style=\"font-size: 34px; text-align: left;\" data-fontsize=\"33\" data-lineheight=\"49.5px\" data-fusion-font=\"true\"><span style=\"font-family: Montserrat; font-size: 33px; background-color: rgba(0, 0, 0, 0);\"><span style=\"font-size: 32px;\" data-fusion-font=\"true\">Qui <\/span><span style=\"font-size: 32px;\" data-fusion-font=\"true\">sommes<\/span><span style=\"font-size: 32px;\" data-fusion-font=\"true\">-nous ?<\/span><\/span><\/h2>\n<\/p>\n<p><b>Reclaim Finance<\/b><br \/>6 Rue de Braque<br \/>Paris, 75003 <br \/><span style=\"color: var(--body_typography-color); font-family: var(--body_typography-font-family); font-size: var(--body_typography-font-size); font-style: var(--body_typography-font-style,normal); font-weight: var(--body_typography-font-weight); letter-spacing: var(--body_typography-letter-spacing);\">FRANCE<\/span><\/p>\n<p>Num\u00e9ro de Siret : 879 939 171 00028<br \/>Email : contact@reclaimfinance.org<\/p>\n<\/p>\n<h2 class=\"wp-block-heading\" style=\"--fontsize: 33; line-height: 1.5; font-size: 32px;\" data-fontsize=\"33\" data-lineheight=\"49.5px\" data-fusion-font=\"true\">Utilisation des donn\u00e9es personnelles collect\u00e9es<\/h2>\n<\/p>\n<h3 class=\"wp-block-heading\" style=\"--fontsize: 24; line-height: 1.5;\" data-fontsize=\"24\" data-lineheight=\"36px\">Formulaires de contact<\/h3>\n<p align=\"justify\">En remplissant un formulaire de contact, d\u2019adh\u00e9sion, de don, de p\u00e9tition, d\u2019inscription \u00e0 notre newsletter sur notre site, vous convenez et acceptez que Reclaim Finance puisse recueillir, traiter, stocker et\/ou utiliser les donn\u00e9es personnelles soumises en conformit\u00e9 avec les r\u00e8gles expos\u00e9es ci-apr\u00e8s.<\/p>\n<p align=\"justify\">En nous donnant votre consentement, vous conservez \u00e9galement le droit de rectification, le droit \u00e0 l\u2019oubli et\/ou le droit \u00e0 la suppression de vos donn\u00e9es personnelles.<\/p>\n<p align=\"justify\">Les informations que vous nous communiquez via ces formulaires (inscription \u00e0 la newsletter, signature de p\u00e9tition, d\u2019adh\u00e9sion, de don, formulaire de contact\u2026) font l\u2019objet d\u2019un traitement informatis\u00e9. Elles sont consult\u00e9es par les b\u00e9n\u00e9voles et les salari\u00e9s de l\u2019association Reclaim Finance en charge de suivre votre demande ou votre action.<\/p>\n<p align=\"justify\">Les donn\u00e9es personnelles que nous pouvons collecter :<\/p>\n<p align=\"justify\">Vos informations de profil. Afin de vous identifier, nous pouvons vous demander de renseigner votre nom, pr\u00e9nom, civilit\u00e9, votre adresse e-mail et postale, num\u00e9ro de t\u00e9l\u00e9phone, votre sexe, votre date de naissance.<\/p>\n<p align=\"justify\">Vos informations de transaction et de paiement. Lorsque vous effectuez un don, nous collectons certaines informations financi\u00e8res vous concernant notamment la date et l\u2019heure du don, le montant du don et autres d\u00e9tails aff\u00e9rents \u00e0 la transaction. En aucun cas, les informations li\u00e9es \u00e0 votre carte bancaire ne sont connues par Reclaim Finance lorsque vous effectuez un don en ligne. Ces donn\u00e9es confidentielles sont trait\u00e9es automatiquement et uniquement via le programme de gestion s\u00e9curis\u00e9e de paiement en ligne HelloAsso.. Vous ne devez sous aucun pr\u00e9texte communiquer les donn\u00e9es de votre carte bancaire par un autre biais.<\/p>\n<p align=\"justify\">Tous nos fichiers de donn\u00e9es sont en conformit\u00e9 avec les recommandations de la CNIL et la l\u00e9gislation fran\u00e7aise.<\/p>\n<p align=\"justify\">Aucune information personnelle n\u2019est collect\u00e9e \u00e0 votre insu.<\/p>\n<p align=\"justify\">Conform\u00e9ment \u00e0 la loi Informatique et Libert\u00e9s N\u00b078-17 du 6 janvier 1978, en vous adressant \u00e0 Reclaim Finance, vous pouvez demander leur modification, leur rectification. Vous pouvez aussi vous opposer \u00e0 ce qu\u2019elles soient \u00e9chang\u00e9es ou c\u00e9d\u00e9es.<\/p>\n<p align=\"justify\">\n<\/p>\n<h3 class=\"wp-block-heading\" style=\"--fontsize: 24; line-height: 1.5;\" align=\"justify\" data-fontsize=\"24\" data-lineheight=\"36px\">Cookies<\/h3>\n<p align=\"justify\">\n<\/p>\n<p align=\"justify\">Si vous d\u00e9posez un commentaire sur notre site, il vous sera propos\u00e9 d\u2019enregistrer votre nom, adresse de messagerie et site web dans des cookies. C\u2019est uniquement pour votre confort afin de ne pas avoir \u00e0 saisir ces informations si vous d\u00e9posez un autre commentaire plus tard. Ces cookies expirent au bout d\u2019un an.<\/p>\n<p align=\"justify\">\n<\/p>\n<p align=\"justify\">Si vous vous rendez sur la page de connexion, un cookie temporaire sera cr\u00e9\u00e9 afin de d\u00e9terminer si votre navigateur accepte les cookies. Il ne contient pas de donn\u00e9es personnelles et sera supprim\u00e9 automatiquement \u00e0 la fermeture de votre navigateur.<\/p>\n<p align=\"justify\">\n<\/p>\n<p align=\"justify\">Lorsque vous vous connecterez, nous mettrons en place un certain nombre de cookies pour enregistrer vos informations de connexion et vos pr\u00e9f\u00e9rences d\u2019\u00e9cran. La dur\u00e9e de vie d\u2019un cookie de connexion est de deux jours, celle d\u2019un cookie d\u2019option d\u2019\u00e9cran est d\u2019un an. Si vous cochez \u00ab Se souvenir de moi \u00bb, votre cookie de connexion sera conserv\u00e9 pendant deux semaines. Si vous vous d\u00e9connectez de votre compte, le cookie de connexion sera effac\u00e9.<\/p>\n<p align=\"justify\">\n<\/p>\n<p align=\"justify\">En modifiant ou en publiant une publication, un cookie suppl\u00e9mentaire sera enregistr\u00e9 dans votre navigateur. Ce cookie ne comprend aucune donn\u00e9e personnelle. Il indique simplement l\u2019ID de la publication que vous venez de modifier. Il expire au bout d\u2019un jour.<\/p>\n<p align=\"justify\">\n<\/p>\n<h3 class=\"wp-block-heading\" style=\"--fontsize: 24; line-height: 1.5;\" align=\"justify\" data-fontsize=\"24\" data-lineheight=\"36px\">Contenu embarqu\u00e9 depuis d\u2019autres sites<\/h3>\n<p align=\"justify\">\n<\/p>\n<p align=\"justify\">Les articles de ce site peuvent inclure des contenus int\u00e9gr\u00e9s (par exemple des vid\u00e9os, images, articles\u2026). Le contenu int\u00e9gr\u00e9 depuis d\u2019autres sites se comporte de la m\u00eame mani\u00e8re que si le visiteur se rendait sur cet autre site.<\/p>\n<p align=\"justify\">\n<\/p>\n<p align=\"justify\">Ces sites web pourraient collecter des donn\u00e9es sur vous, utiliser des cookies, embarquer des outils de suivis tiers, suivre vos interactions avec ces contenus embarqu\u00e9s si vous disposez d\u2019un compte connect\u00e9 sur leur site web.<\/p>\n<p align=\"justify\">\n<\/p>\n<h3 class=\"wp-block-heading\" style=\"--fontsize: 24; line-height: 1.5;\" align=\"justify\" data-fontsize=\"24\" data-lineheight=\"36px\">Statistiques et mesures d\u2019audience<\/h3>\n<p align=\"justify\">Nous n&rsquo;effectuons pas de mesures d&rsquo;audience.<\/p>\n<p align=\"justify\">\n<\/p>\n<h2 class=\"wp-block-heading\" style=\"--fontsize: 33; line-height: 1.5; font-size: 32px;\" align=\"justify\" data-fontsize=\"33\" data-lineheight=\"49.5px\" data-fusion-font=\"true\">Utilisation et transmission de vos donn\u00e9es personnelles<\/h2>\n<p align=\"justify\">Les informations que vous nous transmettez sont destin\u00e9es \u00e0 l\u2019usage de notre organisation et sont en aucun cas transmises \u00e0 des tiers.<\/p>\n<p align=\"justify\">\n<\/p>\n<h2 class=\"wp-block-heading\" style=\"--fontsize: 33; line-height: 1.5; font-size: 32px;\" align=\"justify\" data-fontsize=\"33\" data-lineheight=\"49.5px\" data-fusion-font=\"true\">Dur\u00e9es de stockage de vos donn\u00e9es<\/h2>\n<p align=\"justify\">\n<\/p>\n<p align=\"justify\">Si vous laissez un commentaire, nous conservons les donn\u00e9es pour la dur\u00e9e n\u00e9cessaire \u00e0 la finalit\u00e9 de traitement des donn\u00e9es. Cela permet de reconna\u00eetre et approuver automatiquement les commentaires suivants au lieu de les laisser dans la file de mod\u00e9ration.<\/p>\n<p align=\"justify\">\n<\/p>\n<p align=\"justify\">Pour les utilisateurs et utilisatrices qui s\u2019enregistrent sur notre site (si cela est possible), nous stockons \u00e9galement les donn\u00e9es personnelles indiqu\u00e9es dans leur profil. Tous les utilisateurs et utilisatrices peuvent voir, modifier ou supprimer leurs informations personnelles \u00e0 tout moment (\u00e0 l\u2019exception de leur nom d\u2019utilisateur\u00b7ice). Les gestionnaires du site peuvent aussi voir et modifier ces informations.<\/p>\n<p align=\"justify\">\n<\/p>\n<h2 class=\"wp-block-heading\" style=\"--fontsize: 33; line-height: 1.5; font-size: 32px;\" align=\"justify\" data-fontsize=\"33\" data-lineheight=\"49.5px\" data-fusion-font=\"true\">Les droits que vous avez sur vos donn\u00e9es<\/h2>\n<p align=\"justify\">\n<\/p>\n<p align=\"justify\">Si vous avez un compte ou si vous avez laiss\u00e9 des commentaires sur le site, vous pouvez demander \u00e0 recevoir un fichier contenant toutes les donn\u00e9es personnelles que nous poss\u00e9dons \u00e0 votre sujet, incluant celles que vous nous avez fournies. Vous pouvez \u00e9galement demander la suppression des donn\u00e9es personnelles vous concernant. Cela ne prend pas en compte les donn\u00e9es stock\u00e9es \u00e0 des fins administratives, l\u00e9gales ou pour des raisons de s\u00e9curit\u00e9.<\/p>\n<p align=\"justify\">\n<\/p>\n<h2 class=\"wp-block-heading\" style=\"--fontsize: 33; line-height: 1.5; font-size: 32px;\" align=\"justify\" data-fontsize=\"33\" data-lineheight=\"49.5px\" data-fusion-font=\"true\">Transmission de vos donn\u00e9es personnelles<\/h2>\n<p align=\"justify\">\n<\/p>\n<p align=\"justify\">Les commentaires des visiteurs peuvent \u00eatre v\u00e9rifi\u00e9s \u00e0 l\u2019aide d\u2019un service automatis\u00e9 de d\u00e9tection des commentaires ind\u00e9sirables.<\/p>\n<p align=\"justify\">\n<\/p>\n<h2 class=\"wp-block-heading\" style=\"--fontsize: 33; line-height: 1.5; font-size: 32px;\" align=\"justify\" data-fontsize=\"33\" data-lineheight=\"49.5px\" data-fusion-font=\"true\">Informations de contact<\/h2>\n<p align=\"justify\">\n<\/p>\n<h2 class=\"wp-block-heading\" style=\"--fontsize: 33; line-height: 1.5; font-size: 32px;\" align=\"justify\" data-fontsize=\"33\" data-lineheight=\"49.5px\" data-fusion-font=\"true\">Informations suppl\u00e9mentaires<\/h2>\n<p align=\"justify\">\n<\/p>\n<h3 class=\"wp-block-heading\" style=\"--fontsize: 24; line-height: 1.5;\" align=\"justify\" data-fontsize=\"24\" data-lineheight=\"36px\">Comment nous prot\u00e9geons vos donn\u00e9es<\/h3>\n<p align=\"justify\">Reclaim Finance accorde la plus haute importance \u00e0 la s\u00e9curit\u00e9 et \u00e0 l\u2019int\u00e9grit\u00e9 de vos donn\u00e9es personnelles.<\/p>\n<p align=\"justify\">Ainsi, et conform\u00e9ment au RGPD, nous nous engageons \u00e0 prendre toutes pr\u00e9cautions utiles afin de pr\u00e9server la s\u00e9curit\u00e9 des donn\u00e9es et notamment de les prot\u00e9ger contre toute destruction accidentelle ou illicite, perte accidentelle, alt\u00e9ration, diffusion ou acc\u00e8s non autoris\u00e9s, ainsi que contre toute autre forme de traitement illicite ou communication \u00e0 des personnes non autoris\u00e9es.<\/p>\n<p align=\"justify\">\n<\/p>\n<h3 class=\"wp-block-heading\" style=\"--fontsize: 24; line-height: 1.5;\" align=\"justify\" data-fontsize=\"24\" data-lineheight=\"36px\"><span style=\"color: var(--h3_typography-color); font-family: var(--h3_typography-font-family); font-size: var(--h3_typography-font-size); font-style: var(--h3_typography-font-style,normal); font-weight: var(--h3_typography-font-weight); letter-spacing: var(--h3_typography-letter-spacing);\">Les services tiers qui nous transmettent des donn\u00e9es<\/span><\/h3>\n<p align=\"justify\">Nous utilisons les services de HelloAsso pour g\u00e9rer les dons en ligne.<br \/>Acc\u00e8s \u00e0 leur politique de confidentialit\u00e9 : <u>https:\/\/www.helloasso.com\/confidentialite<\/u><\/p><\/p>\n<\/div><div class=\"fusion-clearfix\"><\/div><\/div><\/div><\/div><\/div>","protected":false},"excerpt":{"rendered":"","protected":false},"author":28,"featured_media":0,"parent":0,"menu_order":0,"comment_status":"closed","ping_status":"open","template":"","meta":{"footnotes":""},"programme":[],"class_list":["post-3","page","type-page","status-publish","hentry"],"yoast_head":"<!-- This site is optimized with the Yoast SEO plugin v23.1 - https:\/\/yoast.com\/wordpress\/plugins\/seo\/ -->\n<title>Politique de confidentialit\u00e9 - Reclaim Finance<\/title>\n<meta name=\"description\" content=\"Reclaim Finance accorde la plus haute importance \u00e0 la s\u00e9curit\u00e9 et \u00e0 l\u2019int\u00e9grit\u00e9 de vos donn\u00e9es personnelles. Ainsi, et conform\u00e9ment au RGPD, nous nous engageons \u00e0 prendre toutes pr\u00e9cautions utiles afin de pr\u00e9server la s\u00e9curit\u00e9 des donn\u00e9es.\" \/>\n<meta name=\"robots\" content=\"index, follow, max-snippet:-1, max-image-preview:large, max-video-preview:-1\" \/>\n<link rel=\"canonical\" href=\"https:\/\/reclaimfinance.org\/site\/politique-de-confidentialite\/\" \/>\n<meta property=\"og:locale\" content=\"fr_FR\" \/>\n<meta property=\"og:type\" content=\"article\" \/>\n<meta property=\"og:title\" content=\"Politique de confidentialit\u00e9 - Reclaim Finance\" \/>\n<meta property=\"og:description\" content=\"Reclaim Finance accorde la plus haute importance \u00e0 la s\u00e9curit\u00e9 et \u00e0 l\u2019int\u00e9grit\u00e9 de vos donn\u00e9es personnelles. Ainsi, et conform\u00e9ment au RGPD, nous nous engageons \u00e0 prendre toutes pr\u00e9cautions utiles afin de pr\u00e9server la s\u00e9curit\u00e9 des donn\u00e9es.\" \/>\n<meta property=\"og:url\" content=\"https:\/\/reclaimfinance.org\/site\/politique-de-confidentialite\/\" \/>\n<meta property=\"og:site_name\" content=\"Reclaim Finance\" \/>\n<meta property=\"article:publisher\" content=\"https:\/\/www.facebook.com\/ReclaimFinanceONG\" \/>\n<meta property=\"article:modified_time\" content=\"2025-07-01T09:59:39+00:00\" \/>\n<meta name=\"twitter:card\" content=\"summary_large_image\" \/>\n<meta name=\"twitter:site\" content=\"@ReclaimFinance\" \/>\n<meta name=\"twitter:label1\" content=\"Dur\u00e9e de lecture estim\u00e9e\" \/>\n\t<meta name=\"twitter:data1\" content=\"6 minutes\" \/>\n<script type=\"application\/ld+json\" class=\"yoast-schema-graph\">{\"@context\":\"https:\/\/schema.org\",\"@graph\":[{\"@type\":\"WebPage\",\"@id\":\"https:\/\/reclaimfinance.org\/site\/politique-de-confidentialite\/\",\"url\":\"https:\/\/reclaimfinance.org\/site\/politique-de-confidentialite\/\",\"name\":\"Politique de confidentialit\u00e9 - Reclaim Finance\",\"isPartOf\":{\"@id\":\"https:\/\/reclaimfinance.org\/site\/#website\"},\"datePublished\":\"2020-01-15T16:03:40+00:00\",\"dateModified\":\"2025-07-01T09:59:39+00:00\",\"description\":\"Reclaim Finance accorde la plus haute importance \u00e0 la s\u00e9curit\u00e9 et \u00e0 l\u2019int\u00e9grit\u00e9 de vos donn\u00e9es personnelles. Ainsi, et conform\u00e9ment au RGPD, nous nous engageons \u00e0 prendre toutes pr\u00e9cautions utiles afin de pr\u00e9server la s\u00e9curit\u00e9 des donn\u00e9es.\",\"breadcrumb\":{\"@id\":\"https:\/\/reclaimfinance.org\/site\/politique-de-confidentialite\/#breadcrumb\"},\"inLanguage\":\"fr-FR\",\"potentialAction\":[{\"@type\":\"ReadAction\",\"target\":[\"https:\/\/reclaimfinance.org\/site\/politique-de-confidentialite\/\"]}]},{\"@type\":\"BreadcrumbList\",\"@id\":\"https:\/\/reclaimfinance.org\/site\/politique-de-confidentialite\/#breadcrumb\",\"itemListElement\":[{\"@type\":\"ListItem\",\"position\":1,\"name\":\"Accueil\",\"item\":\"https:\/\/reclaimfinance.org\/site\/\"},{\"@type\":\"ListItem\",\"position\":2,\"name\":\"Politique de confidentialit\u00e9\"}]},{\"@type\":\"WebSite\",\"@id\":\"https:\/\/reclaimfinance.org\/site\/#website\",\"url\":\"https:\/\/reclaimfinance.org\/site\/\",\"name\":\"Reclaim Finance\",\"description\":\"Reprendre le contr\u00f4le de la finance pour le climat et la biodiversit\u00e9\",\"publisher\":{\"@id\":\"https:\/\/reclaimfinance.org\/site\/#organization\"},\"potentialAction\":[{\"@type\":\"SearchAction\",\"target\":{\"@type\":\"EntryPoint\",\"urlTemplate\":\"https:\/\/reclaimfinance.org\/site\/?s={search_term_string}\"},\"query-input\":\"required name=search_term_string\"}],\"inLanguage\":\"fr-FR\"},{\"@type\":\"Organization\",\"@id\":\"https:\/\/reclaimfinance.org\/site\/#organization\",\"name\":\"Reclaim Finance\",\"url\":\"https:\/\/reclaimfinance.org\/site\/\",\"logo\":{\"@type\":\"ImageObject\",\"inLanguage\":\"fr-FR\",\"@id\":\"https:\/\/reclaimfinance.org\/site\/#\/schema\/logo\/image\/\",\"url\":\"https:\/\/reclaimfinance.org\/site\/wp-content\/uploads\/2020\/03\/logo_RC_space.png\",\"contentUrl\":\"https:\/\/reclaimfinance.org\/site\/wp-content\/uploads\/2020\/03\/logo_RC_space.png\",\"width\":800,\"height\":800,\"caption\":\"Reclaim Finance\"},\"image\":{\"@id\":\"https:\/\/reclaimfinance.org\/site\/#\/schema\/logo\/image\/\"},\"sameAs\":[\"https:\/\/www.facebook.com\/ReclaimFinanceONG\",\"https:\/\/x.com\/ReclaimFinance\",\"https:\/\/www.instagram.com\/reclaimfinance\/\",\"https:\/\/www.linkedin.com\/company\/reclaim-finance-ong-think-tank\"]}]}<\/script>\n<!-- \/ Yoast SEO plugin. -->","yoast_head_json":{"title":"Politique de confidentialit\u00e9 - Reclaim Finance","description":"Reclaim Finance accorde la plus haute importance \u00e0 la s\u00e9curit\u00e9 et \u00e0 l\u2019int\u00e9grit\u00e9 de vos donn\u00e9es personnelles. Ainsi, et conform\u00e9ment au RGPD, nous nous engageons \u00e0 prendre toutes pr\u00e9cautions utiles afin de pr\u00e9server la s\u00e9curit\u00e9 des donn\u00e9es.","robots":{"index":"index","follow":"follow","max-snippet":"max-snippet:-1","max-image-preview":"max-image-preview:large","max-video-preview":"max-video-preview:-1"},"canonical":"https:\/\/reclaimfinance.org\/site\/politique-de-confidentialite\/","og_locale":"fr_FR","og_type":"article","og_title":"Politique de confidentialit\u00e9 - Reclaim Finance","og_description":"Reclaim Finance accorde la plus haute importance \u00e0 la s\u00e9curit\u00e9 et \u00e0 l\u2019int\u00e9grit\u00e9 de vos donn\u00e9es personnelles. Ainsi, et conform\u00e9ment au RGPD, nous nous engageons \u00e0 prendre toutes pr\u00e9cautions utiles afin de pr\u00e9server la s\u00e9curit\u00e9 des donn\u00e9es.","og_url":"https:\/\/reclaimfinance.org\/site\/politique-de-confidentialite\/","og_site_name":"Reclaim Finance","article_publisher":"https:\/\/www.facebook.com\/ReclaimFinanceONG","article_modified_time":"2025-07-01T09:59:39+00:00","twitter_card":"summary_large_image","twitter_site":"@ReclaimFinance","twitter_misc":{"Dur\u00e9e de lecture estim\u00e9e":"6 minutes"},"schema":{"@context":"https:\/\/schema.org","@graph":[{"@type":"WebPage","@id":"https:\/\/reclaimfinance.org\/site\/politique-de-confidentialite\/","url":"https:\/\/reclaimfinance.org\/site\/politique-de-confidentialite\/","name":"Politique de confidentialit\u00e9 - Reclaim Finance","isPartOf":{"@id":"https:\/\/reclaimfinance.org\/site\/#website"},"datePublished":"2020-01-15T16:03:40+00:00","dateModified":"2025-07-01T09:59:39+00:00","description":"Reclaim Finance accorde la plus haute importance \u00e0 la s\u00e9curit\u00e9 et \u00e0 l\u2019int\u00e9grit\u00e9 de vos donn\u00e9es personnelles. Ainsi, et conform\u00e9ment au RGPD, nous nous engageons \u00e0 prendre toutes pr\u00e9cautions utiles afin de pr\u00e9server la s\u00e9curit\u00e9 des donn\u00e9es.","breadcrumb":{"@id":"https:\/\/reclaimfinance.org\/site\/politique-de-confidentialite\/#breadcrumb"},"inLanguage":"fr-FR","potentialAction":[{"@type":"ReadAction","target":["https:\/\/reclaimfinance.org\/site\/politique-de-confidentialite\/"]}]},{"@type":"BreadcrumbList","@id":"https:\/\/reclaimfinance.org\/site\/politique-de-confidentialite\/#breadcrumb","itemListElement":[{"@type":"ListItem","position":1,"name":"Accueil","item":"https:\/\/reclaimfinance.org\/site\/"},{"@type":"ListItem","position":2,"name":"Politique de confidentialit\u00e9"}]},{"@type":"WebSite","@id":"https:\/\/reclaimfinance.org\/site\/#website","url":"https:\/\/reclaimfinance.org\/site\/","name":"Reclaim Finance","description":"Reprendre le contr\u00f4le de la finance pour le climat et la biodiversit\u00e9","publisher":{"@id":"https:\/\/reclaimfinance.org\/site\/#organization"},"potentialAction":[{"@type":"SearchAction","target":{"@type":"EntryPoint","urlTemplate":"https:\/\/reclaimfinance.org\/site\/?s={search_term_string}"},"query-input":"required name=search_term_string"}],"inLanguage":"fr-FR"},{"@type":"Organization","@id":"https:\/\/reclaimfinance.org\/site\/#organization","name":"Reclaim Finance","url":"https:\/\/reclaimfinance.org\/site\/","logo":{"@type":"ImageObject","inLanguage":"fr-FR","@id":"https:\/\/reclaimfinance.org\/site\/#\/schema\/logo\/image\/","url":"https:\/\/reclaimfinance.org\/site\/wp-content\/uploads\/2020\/03\/logo_RC_space.png","contentUrl":"https:\/\/reclaimfinance.org\/site\/wp-content\/uploads\/2020\/03\/logo_RC_space.png","width":800,"height":800,"caption":"Reclaim Finance"},"image":{"@id":"https:\/\/reclaimfinance.org\/site\/#\/schema\/logo\/image\/"},"sameAs":["https:\/\/www.facebook.com\/ReclaimFinanceONG","https:\/\/x.com\/ReclaimFinance","https:\/\/www.instagram.com\/reclaimfinance\/","https:\/\/www.linkedin.com\/company\/reclaim-finance-ong-think-tank"]}]}},"_links":{"self":[{"href":"https:\/\/reclaimfinance.org\/site\/wp-json\/wp\/v2\/pages\/3"}],"collection":[{"href":"https:\/\/reclaimfinance.org\/site\/wp-json\/wp\/v2\/pages"}],"about":[{"href":"https:\/\/reclaimfinance.org\/site\/wp-json\/wp\/v2\/types\/page"}],"author":[{"embeddable":true,"href":"https:\/\/reclaimfinance.org\/site\/wp-json\/wp\/v2\/users\/28"}],"replies":[{"embeddable":true,"href":"https:\/\/reclaimfinance.org\/site\/wp-json\/wp\/v2\/comments?post=3"}],"version-history":[{"count":4,"href":"https:\/\/reclaimfinance.org\/site\/wp-json\/wp\/v2\/pages\/3\/revisions"}],"predecessor-version":[{"id":36955,"href":"https:\/\/reclaimfinance.org\/site\/wp-json\/wp\/v2\/pages\/3\/revisions\/36955"}],"wp:attachment":[{"href":"https:\/\/reclaimfinance.org\/site\/wp-json\/wp\/v2\/media?parent=3"}],"wp:term":[{"taxonomy":"programme","embeddable":true,"href":"https:\/\/reclaimfinance.org\/site\/wp-json\/wp\/v2\/programme?post=3"}],"curies":[{"name":"wp","href":"https:\/\/api.w.org\/{rel}","templated":true}]}}